{"id":762,"date":"2023-08-09T04:28:10","date_gmt":"2023-08-09T09:28:10","guid":{"rendered":"https:\/\/cliniquevisionpros.com\/a-propos-de-nous\/"},"modified":"2024-12-20T13:07:14","modified_gmt":"2024-12-20T18:07:14","slug":"a-propos-de-nous","status":"publish","type":"page","link":"https:\/\/cliniquevisionpros.com\/fr\/a-propos-de-nous\/","title":{"rendered":"\u00c0 propos de nous"},"content":{"rendered":"\t\t<div data-elementor-type=\"wp-page\" data-elementor-id=\"762\" class=\"elementor elementor-762 elementor-77\" data-elementor-post-type=\"page\">\n\t\t\t\t<div class=\"elementor-element elementor-element-af2beb0 e-con-full e-flex e-con e-parent\" data-id=\"af2beb0\" data-element_type=\"container\" data-e-type=\"container\" data-settings=\"{&quot;background_background&quot;:&quot;classic&quot;}\">\n\t\t<div class=\"elementor-element elementor-element-63e4ef6 e-con-full e-flex e-con e-child\" data-id=\"63e4ef6\" data-element_type=\"container\" data-e-type=\"container\" data-settings=\"{&quot;background_background&quot;:&quot;classic&quot;}\">\n\t\t\t\t<\/div>\n\t\t<div class=\"elementor-element elementor-element-f4e2987 e-con-full e-flex e-con e-child\" data-id=\"f4e2987\" data-element_type=\"container\" data-e-type=\"container\" data-settings=\"{&quot;background_background&quot;:&quot;classic&quot;}\">\n\t\t\t\t<div class=\"elementor-element elementor-element-148b9be elementor-widget elementor-widget-heading\" data-id=\"148b9be\" data-element_type=\"widget\" data-e-type=\"widget\" data-widget_type=\"heading.default\">\n\t\t\t\t\t\t<div class=\"elementor-widget-container\">\n\t\t\t\t\t<h1 class=\"elementor-heading-title elementor-size-default\"><span style=\"font-weight:400\">A propos de nous<\/span><\/h1>\t\t\t\t<\/div>\n\t\t\t\t<\/div>\n\t\t\t\t<\/div>\n\t\t\t\t<\/div>\n\t\t<div class=\"elementor-element elementor-element-9e15731 e-flex e-con-boxed e-con e-parent\" data-id=\"9e15731\" data-element_type=\"container\" data-e-type=\"container\" data-settings=\"{&quot;background_background&quot;:&quot;classic&quot;}\">\n\t\t\t\t\t<div class=\"e-con-inner\">\n\t\t\t\t<div class=\"elementor-element elementor-element-2e25118 elementor-widget elementor-widget-text-editor\" data-id=\"2e25118\" data-element_type=\"widget\" data-e-type=\"widget\" data-widget_type=\"text-editor.default\">\n\t\t\t\t\t\t<div class=\"elementor-widget-container\">\n\t\t\t\t\t\t\t\t\t<p>Bienvenue chez VisionPros, o\u00f9 votre sant\u00e9 oculaire est notre priorit\u00e9 absolue. Avec un engagement d&rsquo;excellence, notre \u00e9quipe fournit des traitements de pointe, des soins compatissants et une attention personnalis\u00e9e pour vous aider \u00e0 atteindre une vision et un bien-\u00eatre optimaux. <\/p>\n\t\t\t\t\t\t\t\t<\/div>\n\t\t\t\t<\/div>\n\t\t\t\t\t<\/div>\n\t\t\t\t<\/div>\n\t\t<div class=\"elementor-element elementor-element-5705026 e-con-full e-flex e-con e-parent\" data-id=\"5705026\" data-element_type=\"container\" data-e-type=\"container\" data-settings=\"{&quot;background_background&quot;:&quot;classic&quot;}\">\n\t\t<div class=\"elementor-element elementor-element-4b86b49 e-con-full e-flex e-con e-child\" data-id=\"4b86b49\" data-element_type=\"container\" data-e-type=\"container\" data-settings=\"{&quot;background_background&quot;:&quot;classic&quot;}\">\n\t\t\t\t<div class=\"elementor-element elementor-element-f5a287d elementor-widget elementor-widget-image\" data-id=\"f5a287d\" data-element_type=\"widget\" data-e-type=\"widget\" data-widget_type=\"image.default\">\n\t\t\t\t\t\t<div class=\"elementor-widget-container\">\n\t\t\t\t\t\t\t\t\t\t\t\t\t\t\t<img fetchpriority=\"high\" decoding=\"async\" width=\"1024\" height=\"683\" src=\"https:\/\/cliniquevisionpros.com\/wp-content\/uploads\/2024\/11\/080-1024x683.jpg\" class=\"attachment-large size-large wp-image-1396\" alt=\"\" srcset=\"https:\/\/cliniquevisionpros.com\/wp-content\/uploads\/2024\/11\/080-1024x683.jpg 1024w, https:\/\/cliniquevisionpros.com\/wp-content\/uploads\/2024\/11\/080-300x200.jpg 300w, https:\/\/cliniquevisionpros.com\/wp-content\/uploads\/2024\/11\/080-768x513.jpg 768w, https:\/\/cliniquevisionpros.com\/wp-content\/uploads\/2024\/11\/080-1536x1025.jpg 1536w, https:\/\/cliniquevisionpros.com\/wp-content\/uploads\/2024\/11\/080.jpg 1920w\" sizes=\"(max-width: 1024px) 100vw, 1024px\" \/>\t\t\t\t\t\t\t\t\t\t\t\t\t\t\t<\/div>\n\t\t\t\t<\/div>\n\t\t\t\t<\/div>\n\t\t<div class=\"elementor-element elementor-element-b20bcc1 e-con-full e-flex e-con e-child\" data-id=\"b20bcc1\" data-element_type=\"container\" data-e-type=\"container\" data-settings=\"{&quot;background_background&quot;:&quot;classic&quot;}\">\n\t\t\t\t<div class=\"elementor-element elementor-element-5d99823 elementor-widget elementor-widget-heading\" data-id=\"5d99823\" data-element_type=\"widget\" data-e-type=\"widget\" data-widget_type=\"heading.default\">\n\t\t\t\t\t\t<div class=\"elementor-widget-container\">\n\t\t\t\t\t<h2 class=\"elementor-heading-title elementor-size-default\">Notre <span style=\"font-weight:400\">clinique<\/span><\/h2>\t\t\t\t<\/div>\n\t\t\t\t<\/div>\n\t\t\t\t<div class=\"elementor-element elementor-element-42febf5 elementor-widget elementor-widget-text-editor\" data-id=\"42febf5\" data-element_type=\"widget\" data-e-type=\"widget\" data-widget_type=\"text-editor.default\">\n\t\t\t\t\t\t<div class=\"elementor-widget-container\">\n\t\t\t\t\t\t\t\t\t<p><span style=\"font-weight: 400;\">Nous comprenons l&rsquo;importance de traiter l&rsquo;ensemble de votre syst\u00e8me visuel, de la paupi\u00e8re au nerf optique, et nous adoptons une approche holistique pour tous les aspects de la sant\u00e9 oculaire.<\/span><\/p>\n<p><span style=\"font-weight: 400;\">Nos installations ultramodernes vous offrent une gamme compl\u00e8te de services ophtalmologiques et une technologie de pointe pour vous garantir les meilleurs soins possibles de la part de notre \u00e9quipe de sp\u00e9cialistes repr\u00e9sentant toutes les sous-sp\u00e9cialit\u00e9s de l&rsquo;ophtalmologie.<\/span><\/p>\n<p>Notre directeur m\u00e9dical, le Dr Hillel Zukor, dirige une \u00e9quipe de dix ophtalmologues et optom\u00e9tristes qui se consacrent \u00e0 la fourniture de soins oculaires exceptionnels avec professionnalisme et empathie.<\/p>\n\t\t\t\t\t\t\t\t<\/div>\n\t\t\t\t<\/div>\n\t\t\t\t<\/div>\n\t\t\t\t<\/div>\n\t\t<div class=\"elementor-element elementor-element-f429e2c e-con-full e-flex e-con e-parent\" data-id=\"f429e2c\" data-element_type=\"container\" data-e-type=\"container\" data-settings=\"{&quot;background_background&quot;:&quot;classic&quot;}\">\n\t\t<div class=\"elementor-element elementor-element-5d567c2 e-con-full e-flex e-con e-child\" data-id=\"5d567c2\" data-element_type=\"container\" data-e-type=\"container\" data-settings=\"{&quot;background_background&quot;:&quot;classic&quot;}\">\n\t\t\t\t<div class=\"elementor-element elementor-element-86204c5 elementor-widget elementor-widget-heading\" data-id=\"86204c5\" data-element_type=\"widget\" data-e-type=\"widget\" data-widget_type=\"heading.default\">\n\t\t\t\t\t\t<div class=\"elementor-widget-container\">\n\t\t\t\t\t<h2 class=\"elementor-heading-title elementor-size-default\">Notre <span style=\"font-weight:400\">\u00e9quipe<\/span><\/h2>\t\t\t\t<\/div>\n\t\t\t\t<\/div>\n\t\t\t\t<div class=\"elementor-element elementor-element-4493973 elementor-widget elementor-widget-text-editor\" data-id=\"4493973\" data-element_type=\"widget\" data-e-type=\"widget\" data-widget_type=\"text-editor.default\">\n\t\t\t\t\t\t<div class=\"elementor-widget-container\">\n\t\t\t\t\t\t\t\t\t<p>Chez Vision Pros, notre \u00e9quipe se consacre \u00e0 fournir des soins oculaires exceptionnels gr\u00e2ce \u00e0 une combinaison d&rsquo;expertise, d&rsquo;innovation et de compassion.<\/p>\n<p>Chaque membre de notre \u00e9quipe poss\u00e8de une grande exp\u00e9rience et une formation sp\u00e9cialis\u00e9e, ce qui garantit \u00e0 nos patients des soins de la plus haute qualit\u00e9.<\/p>\n<p>Des examens oculaires complets aux proc\u00e9dures chirurgicales avanc\u00e9es, nos professionnels s&rsquo;engagent \u00e0 am\u00e9liorer et \u00e0 prot\u00e9ger votre vision.<\/p>\n<p>Nous travaillons ensemble pour cr\u00e9er une exp\u00e9rience accueillante et personnalis\u00e9e, en nous concentrant sur vos besoins uniques et votre sant\u00e9 oculaire globale. Chez Vision Pros, votre vision est notre priorit\u00e9. <\/p>\n\t\t\t\t\t\t\t\t<\/div>\n\t\t\t\t<\/div>\n\t\t\t\t<div class=\"elementor-element elementor-element-6ebd49a elementor-align-left elementor-tablet_extra-align-center elementor-widget elementor-widget-button\" data-id=\"6ebd49a\" data-element_type=\"widget\" data-e-type=\"widget\" data-widget_type=\"button.default\">\n\t\t\t\t\t\t<div class=\"elementor-widget-container\">\n\t\t\t\t\t\t\t\t\t<div class=\"elementor-button-wrapper\">\n\t\t\t\t\t<a class=\"elementor-button elementor-button-link elementor-size-sm\" href=\"https:\/\/cliniquevisionpros.com\/fr\/a-propos-de-nous-2\/\">\n\t\t\t\t\t\t<span class=\"elementor-button-content-wrapper\">\n\t\t\t\t\t\t<span class=\"elementor-button-icon\">\n\t\t\t\t<i aria-hidden=\"true\" class=\"fas fa-arrow-right\"><\/i>\t\t\t<\/span>\n\t\t\t\t\t\t\t\t\t<span class=\"elementor-button-text\">Notre \u00e9quipe<\/span>\n\t\t\t\t\t<\/span>\n\t\t\t\t\t<\/a>\n\t\t\t\t<\/div>\n\t\t\t\t\t\t\t\t<\/div>\n\t\t\t\t<\/div>\n\t\t\t\t<\/div>\n\t\t<div class=\"elementor-element elementor-element-8c24a23 e-con-full e-flex e-con e-child\" data-id=\"8c24a23\" data-element_type=\"container\" data-e-type=\"container\" data-settings=\"{&quot;background_background&quot;:&quot;classic&quot;}\">\n\t\t\t\t<div class=\"elementor-element elementor-element-865c053 elementor-widget elementor-widget-image\" data-id=\"865c053\" data-element_type=\"widget\" data-e-type=\"widget\" data-widget_type=\"image.default\">\n\t\t\t\t\t\t<div class=\"elementor-widget-container\">\n\t\t\t\t\t\t\t\t\t\t\t\t\t\t\t<img decoding=\"async\" width=\"767\" height=\"1024\" src=\"https:\/\/cliniquevisionpros.com\/wp-content\/uploads\/2023\/08\/doctor_hillel_zukor-1-767x1024.jpg\" class=\"attachment-large size-large wp-image-582\" alt=\"\" srcset=\"https:\/\/cliniquevisionpros.com\/wp-content\/uploads\/2023\/08\/doctor_hillel_zukor-1-767x1024.jpg 767w, https:\/\/cliniquevisionpros.com\/wp-content\/uploads\/2023\/08\/doctor_hillel_zukor-1-225x300.jpg 225w, https:\/\/cliniquevisionpros.com\/wp-content\/uploads\/2023\/08\/doctor_hillel_zukor-1-768x1026.jpg 768w, https:\/\/cliniquevisionpros.com\/wp-content\/uploads\/2023\/08\/doctor_hillel_zukor-1-1150x1536.jpg 1150w, https:\/\/cliniquevisionpros.com\/wp-content\/uploads\/2023\/08\/doctor_hillel_zukor-1.jpg 1204w\" sizes=\"(max-width: 767px) 100vw, 767px\" \/>\t\t\t\t\t\t\t\t\t\t\t\t\t\t\t<\/div>\n\t\t\t\t<\/div>\n\t\t\t\t<\/div>\n\t\t\t\t<\/div>\n\t\t<div class=\"elementor-element elementor-element-125c0d6 e-flex e-con-boxed e-con e-parent\" data-id=\"125c0d6\" data-element_type=\"container\" data-e-type=\"container\" data-settings=\"{&quot;background_background&quot;:&quot;classic&quot;}\">\n\t\t\t\t\t<div class=\"e-con-inner\">\n\t\t\t\t<div class=\"elementor-element elementor-element-1df8adb elementor-widget elementor-widget-heading\" data-id=\"1df8adb\" data-element_type=\"widget\" data-e-type=\"widget\" data-widget_type=\"heading.default\">\n\t\t\t\t\t\t<div class=\"elementor-widget-container\">\n\t\t\t\t\t<h2 class=\"elementor-heading-title elementor-size-default\">Nous nous r\u00e9jouissons de construire avec vous une relation qui durera toute une vie, en vous <span style=\"font-weight:400\">aidant \u00e0 voir le monde<\/span> d'une toute nouvelle mani\u00e8re !<\/h2>\t\t\t\t<\/div>\n\t\t\t\t<\/div>\n\t\t\t\t<div class=\"elementor-element elementor-element-a916411 elementor-widget elementor-widget-text-editor\" data-id=\"a916411\" data-element_type=\"widget\" data-e-type=\"widget\" data-widget_type=\"text-editor.default\">\n\t\t\t\t\t\t<div class=\"elementor-widget-container\">\n\t\t\t\t\t\t\t\t\t<p><span style=\"font-weight: 400;\">Prenez rendez-vous d\u00e8s aujourd&rsquo;hui pour d\u00e9couvrir l&rsquo;approche personnalis\u00e9e et compatissante de VisionPros en mati\u00e8re de soins oculaires.<\/span><\/p>\n\t\t\t\t\t\t\t\t<\/div>\n\t\t\t\t<\/div>\n\t\t\t\t<div class=\"elementor-element elementor-element-c1e93f9 elementor-align-center elementor-widget elementor-widget-button\" data-id=\"c1e93f9\" data-element_type=\"widget\" data-e-type=\"widget\" data-widget_type=\"button.default\">\n\t\t\t\t\t\t<div class=\"elementor-widget-container\">\n\t\t\t\t\t\t\t\t\t<div class=\"elementor-button-wrapper\">\n\t\t\t\t\t<a class=\"elementor-button elementor-button-link elementor-size-sm\" href=\"https:\/\/cliniquevisionpros.com\/fr\/prendre-rendez-vous\/\">\n\t\t\t\t\t\t<span class=\"elementor-button-content-wrapper\">\n\t\t\t\t\t\t<span class=\"elementor-button-icon\">\n\t\t\t\t<i aria-hidden=\"true\" class=\"fas fa-arrow-right\"><\/i>\t\t\t<\/span>\n\t\t\t\t\t\t\t\t\t<span class=\"elementor-button-text\">Prendre rendez-vous<\/span>\n\t\t\t\t\t<\/span>\n\t\t\t\t\t<\/a>\n\t\t\t\t<\/div>\n\t\t\t\t\t\t\t\t<\/div>\n\t\t\t\t<\/div>\n\t\t\t\t\t<\/div>\n\t\t\t\t<\/div>\n\t\t<div class=\"elementor-element elementor-element-d7e5842 e-con-full e-flex e-con e-parent\" data-id=\"d7e5842\" data-element_type=\"container\" data-e-type=\"container\">\n\t\t\t\t<div class=\"elementor-element elementor-element-29b21a3 elementor-widget elementor-widget-image\" data-id=\"29b21a3\" data-element_type=\"widget\" data-e-type=\"widget\" data-widget_type=\"image.default\">\n\t\t\t\t\t\t<div class=\"elementor-widget-container\">\n\t\t\t\t\t\t\t\t\t\t\t\t\t\t\t<img decoding=\"async\" width=\"1920\" height=\"1282\" src=\"https:\/\/cliniquevisionpros.com\/wp-content\/uploads\/2024\/11\/086.jpg\" class=\"attachment-full size-full wp-image-1398\" alt=\"\" srcset=\"https:\/\/cliniquevisionpros.com\/wp-content\/uploads\/2024\/11\/086.jpg 1920w, https:\/\/cliniquevisionpros.com\/wp-content\/uploads\/2024\/11\/086-300x200.jpg 300w, https:\/\/cliniquevisionpros.com\/wp-content\/uploads\/2024\/11\/086-1024x684.jpg 1024w, https:\/\/cliniquevisionpros.com\/wp-content\/uploads\/2024\/11\/086-768x513.jpg 768w, https:\/\/cliniquevisionpros.com\/wp-content\/uploads\/2024\/11\/086-1536x1026.jpg 1536w\" sizes=\"(max-width: 1920px) 100vw, 1920px\" \/>\t\t\t\t\t\t\t\t\t\t\t\t\t\t\t<\/div>\n\t\t\t\t<\/div>\n\t\t\t\t<\/div>\n\t\t\t\t<\/div>\n\t\t","protected":false},"excerpt":{"rendered":"<p>A propos de nous Bienvenue chez VisionPros, o\u00f9 votre sant\u00e9 oculaire est notre priorit\u00e9 absolue. Avec un engagement d&rsquo;excellence, notre \u00e9quipe fournit des traitements de pointe, des soins compatissants et une attention personnalis\u00e9e pour vous aider \u00e0 atteindre une vision et un bien-\u00eatre optimaux. Notre clinique Nous comprenons l&rsquo;importance de traiter l&rsquo;ensemble de votre syst\u00e8me [&hellip;]<\/p>\n","protected":false},"author":2,"featured_media":0,"parent":0,"menu_order":0,"comment_status":"closed","ping_status":"closed","template":"","meta":{"site-sidebar-layout":"no-sidebar","site-content-layout":"page-builder","ast-site-content-layout":"","site-content-style":"default","site-sidebar-style":"default","ast-global-header-display":"","ast-banner-title-visibility":"","ast-main-header-display":"","ast-hfb-above-header-display":"","ast-hfb-below-header-display":"","ast-hfb-mobile-header-display":"","site-post-title":"disabled","ast-breadcrumbs-content":"","ast-featured-img":"disabled","footer-sml-layout":"","theme-transparent-header-meta":"","adv-header-id-meta":"","stick-header-meta":"","header-above-stick-meta":"","header-main-stick-meta":"","header-below-stick-meta":"","astra-migrate-meta-layouts":"default","ast-page-background-enabled":"default","ast-page-background-meta":{"desktop":{"background-color":"var(--ast-global-color-4)","background-image":"","background-repeat":"repeat","background-position":"center center","background-size":"auto","background-attachment":"scroll","background-type":"","background-media":"","overlay-type":"","overlay-color":"","overlay-opacity":"","overlay-gradient":""},"tablet":{"background-color":"","background-image":"","background-repeat":"repeat","background-position":"center center","background-size":"auto","background-attachment":"scroll","background-type":"","background-media":"","overlay-type":"","overlay-color":"","overlay-opacity":"","overlay-gradient":""},"mobile":{"background-color":"","background-image":"","background-repeat":"repeat","background-position":"center center","background-size":"auto","background-attachment":"scroll","background-type":"","background-media":"","overlay-type":"","overlay-color":"","overlay-opacity":"","overlay-gradient":""}},"ast-content-background-meta":{"desktop":{"background-color":"var(--ast-global-color-5)","background-image":"","background-repeat":"repeat","background-position":"center center","background-size":"auto","background-attachment":"scroll","background-type":"","background-media":"","overlay-type":"","overlay-color":"","overlay-opacity":"","overlay-gradient":""},"tablet":{"background-color":"var(--ast-global-color-5)","background-image":"","background-repeat":"repeat","background-position":"center center","background-size":"auto","background-attachment":"scroll","background-type":"","background-media":"","overlay-type":"","overlay-color":"","overlay-opacity":"","overlay-gradient":""},"mobile":{"background-color":"var(--ast-global-color-5)","background-image":"","background-repeat":"repeat","background-position":"center center","background-size":"auto","background-attachment":"scroll","background-type":"","background-media":"","overlay-type":"","overlay-color":"","overlay-opacity":"","overlay-gradient":""}},"footnotes":""},"class_list":["post-762","page","type-page","status-publish","hentry"],"yoast_head":"<!-- This site is optimized with the Yoast SEO plugin v27.4 - https:\/\/yoast.com\/product\/yoast-seo-wordpress\/ -->\n<title>\u00c0 propos de nous - Clinique VisionPros<\/title>\n<meta name=\"robots\" content=\"index, follow, max-snippet:-1, max-image-preview:large, max-video-preview:-1\" \/>\n<link rel=\"canonical\" href=\"https:\/\/cliniquevisionpros.com\/fr\/a-propos-de-nous\/\" \/>\n<meta property=\"og:locale\" content=\"fr_FR\" \/>\n<meta property=\"og:type\" content=\"article\" \/>\n<meta property=\"og:title\" content=\"\u00c0 propos de nous - Clinique VisionPros\" \/>\n<meta property=\"og:description\" content=\"A propos de nous Bienvenue chez VisionPros, o\u00f9 votre sant\u00e9 oculaire est notre priorit\u00e9 absolue. Avec un engagement d&rsquo;excellence, notre \u00e9quipe fournit des traitements de pointe, des soins compatissants et une attention personnalis\u00e9e pour vous aider \u00e0 atteindre une vision et un bien-\u00eatre optimaux. Notre clinique Nous comprenons l&rsquo;importance de traiter l&rsquo;ensemble de votre syst\u00e8me [&hellip;]\" \/>\n<meta property=\"og:url\" content=\"https:\/\/cliniquevisionpros.com\/fr\/a-propos-de-nous\/\" \/>\n<meta property=\"og:site_name\" content=\"Clinique VisionPros\" \/>\n<meta property=\"article:modified_time\" content=\"2024-12-20T18:07:14+00:00\" \/>\n<meta property=\"og:image\" content=\"https:\/\/cliniquevisionpros.com\/wp-content\/uploads\/2024\/11\/080-e1732913388354.jpg\" \/>\n\t<meta property=\"og:image:width\" content=\"1504\" \/>\n\t<meta property=\"og:image:height\" content=\"1194\" \/>\n\t<meta property=\"og:image:type\" content=\"image\/jpeg\" \/>\n<meta name=\"twitter:card\" content=\"summary_large_image\" \/>\n<meta name=\"twitter:label1\" content=\"Dur\u00e9e de lecture estim\u00e9e\" \/>\n\t<meta name=\"twitter:data1\" content=\"2 minutes\" \/>\n<script type=\"application\/ld+json\" class=\"yoast-schema-graph\">{\"@context\":\"https:\\\/\\\/schema.org\",\"@graph\":[{\"@type\":\"WebPage\",\"@id\":\"https:\\\/\\\/cliniquevisionpros.com\\\/fr\\\/a-propos-de-nous\\\/\",\"url\":\"https:\\\/\\\/cliniquevisionpros.com\\\/fr\\\/a-propos-de-nous\\\/\",\"name\":\"\u00c0 propos de nous - Clinique VisionPros\",\"isPartOf\":{\"@id\":\"https:\\\/\\\/cliniquevisionpros.com\\\/fr\\\/#website\"},\"primaryImageOfPage\":{\"@id\":\"https:\\\/\\\/cliniquevisionpros.com\\\/fr\\\/a-propos-de-nous\\\/#primaryimage\"},\"image\":{\"@id\":\"https:\\\/\\\/cliniquevisionpros.com\\\/fr\\\/a-propos-de-nous\\\/#primaryimage\"},\"thumbnailUrl\":\"https:\\\/\\\/cliniquevisionpros.com\\\/wp-content\\\/uploads\\\/2024\\\/11\\\/080-e1732913388354-1024x813.jpg\",\"datePublished\":\"2023-08-09T09:28:10+00:00\",\"dateModified\":\"2024-12-20T18:07:14+00:00\",\"breadcrumb\":{\"@id\":\"https:\\\/\\\/cliniquevisionpros.com\\\/fr\\\/a-propos-de-nous\\\/#breadcrumb\"},\"inLanguage\":\"fr-FR\",\"potentialAction\":[{\"@type\":\"ReadAction\",\"target\":[\"https:\\\/\\\/cliniquevisionpros.com\\\/fr\\\/a-propos-de-nous\\\/\"]}]},{\"@type\":\"ImageObject\",\"inLanguage\":\"fr-FR\",\"@id\":\"https:\\\/\\\/cliniquevisionpros.com\\\/fr\\\/a-propos-de-nous\\\/#primaryimage\",\"url\":\"https:\\\/\\\/cliniquevisionpros.com\\\/wp-content\\\/uploads\\\/2024\\\/11\\\/080-e1732913388354-1024x813.jpg\",\"contentUrl\":\"https:\\\/\\\/cliniquevisionpros.com\\\/wp-content\\\/uploads\\\/2024\\\/11\\\/080-e1732913388354-1024x813.jpg\"},{\"@type\":\"BreadcrumbList\",\"@id\":\"https:\\\/\\\/cliniquevisionpros.com\\\/fr\\\/a-propos-de-nous\\\/#breadcrumb\",\"itemListElement\":[{\"@type\":\"ListItem\",\"position\":1,\"name\":\"Home\",\"item\":\"https:\\\/\\\/cliniquevisionpros.com\\\/fr\\\/\"},{\"@type\":\"ListItem\",\"position\":2,\"name\":\"\u00c0 propos de nous\"}]},{\"@type\":\"WebSite\",\"@id\":\"https:\\\/\\\/cliniquevisionpros.com\\\/fr\\\/#website\",\"url\":\"https:\\\/\\\/cliniquevisionpros.com\\\/fr\\\/\",\"name\":\"Clinique VisionPros\",\"description\":\"Ophthalmology clinic in Montreal\",\"publisher\":{\"@id\":\"https:\\\/\\\/cliniquevisionpros.com\\\/fr\\\/#organization\"},\"potentialAction\":[{\"@type\":\"SearchAction\",\"target\":{\"@type\":\"EntryPoint\",\"urlTemplate\":\"https:\\\/\\\/cliniquevisionpros.com\\\/fr\\\/?s={search_term_string}\"},\"query-input\":{\"@type\":\"PropertyValueSpecification\",\"valueRequired\":true,\"valueName\":\"search_term_string\"}}],\"inLanguage\":\"fr-FR\"},{\"@type\":\"Organization\",\"@id\":\"https:\\\/\\\/cliniquevisionpros.com\\\/fr\\\/#organization\",\"name\":\"Clinique Vision Pros\",\"url\":\"https:\\\/\\\/cliniquevisionpros.com\\\/fr\\\/\",\"logo\":{\"@type\":\"ImageObject\",\"inLanguage\":\"fr-FR\",\"@id\":\"https:\\\/\\\/cliniquevisionpros.com\\\/fr\\\/#\\\/schema\\\/logo\\\/image\\\/\",\"url\":\"https:\\\/\\\/cliniquevisionpros.com\\\/wp-content\\\/uploads\\\/2023\\\/08\\\/VISION_PROS_LOGO_FINAL_BLACK.svg\",\"contentUrl\":\"https:\\\/\\\/cliniquevisionpros.com\\\/wp-content\\\/uploads\\\/2023\\\/08\\\/VISION_PROS_LOGO_FINAL_BLACK.svg\",\"caption\":\"Clinique Vision Pros\"},\"image\":{\"@id\":\"https:\\\/\\\/cliniquevisionpros.com\\\/fr\\\/#\\\/schema\\\/logo\\\/image\\\/\"}}]}<\/script>\n<!-- \/ Yoast SEO plugin. -->","yoast_head_json":{"title":"\u00c0 propos de nous - Clinique VisionPros","robots":{"index":"index","follow":"follow","max-snippet":"max-snippet:-1","max-image-preview":"max-image-preview:large","max-video-preview":"max-video-preview:-1"},"canonical":"https:\/\/cliniquevisionpros.com\/fr\/a-propos-de-nous\/","og_locale":"fr_FR","og_type":"article","og_title":"\u00c0 propos de nous - Clinique VisionPros","og_description":"A propos de nous Bienvenue chez VisionPros, o\u00f9 votre sant\u00e9 oculaire est notre priorit\u00e9 absolue. Avec un engagement d&rsquo;excellence, notre \u00e9quipe fournit des traitements de pointe, des soins compatissants et une attention personnalis\u00e9e pour vous aider \u00e0 atteindre une vision et un bien-\u00eatre optimaux. Notre clinique Nous comprenons l&rsquo;importance de traiter l&rsquo;ensemble de votre syst\u00e8me [&hellip;]","og_url":"https:\/\/cliniquevisionpros.com\/fr\/a-propos-de-nous\/","og_site_name":"Clinique VisionPros","article_modified_time":"2024-12-20T18:07:14+00:00","og_image":[{"width":1504,"height":1194,"url":"https:\/\/cliniquevisionpros.com\/wp-content\/uploads\/2024\/11\/080-e1732913388354.jpg","type":"image\/jpeg"}],"twitter_card":"summary_large_image","twitter_misc":{"Dur\u00e9e de lecture estim\u00e9e":"2 minutes"},"schema":{"@context":"https:\/\/schema.org","@graph":[{"@type":"WebPage","@id":"https:\/\/cliniquevisionpros.com\/fr\/a-propos-de-nous\/","url":"https:\/\/cliniquevisionpros.com\/fr\/a-propos-de-nous\/","name":"\u00c0 propos de nous - Clinique VisionPros","isPartOf":{"@id":"https:\/\/cliniquevisionpros.com\/fr\/#website"},"primaryImageOfPage":{"@id":"https:\/\/cliniquevisionpros.com\/fr\/a-propos-de-nous\/#primaryimage"},"image":{"@id":"https:\/\/cliniquevisionpros.com\/fr\/a-propos-de-nous\/#primaryimage"},"thumbnailUrl":"https:\/\/cliniquevisionpros.com\/wp-content\/uploads\/2024\/11\/080-e1732913388354-1024x813.jpg","datePublished":"2023-08-09T09:28:10+00:00","dateModified":"2024-12-20T18:07:14+00:00","breadcrumb":{"@id":"https:\/\/cliniquevisionpros.com\/fr\/a-propos-de-nous\/#breadcrumb"},"inLanguage":"fr-FR","potentialAction":[{"@type":"ReadAction","target":["https:\/\/cliniquevisionpros.com\/fr\/a-propos-de-nous\/"]}]},{"@type":"ImageObject","inLanguage":"fr-FR","@id":"https:\/\/cliniquevisionpros.com\/fr\/a-propos-de-nous\/#primaryimage","url":"https:\/\/cliniquevisionpros.com\/wp-content\/uploads\/2024\/11\/080-e1732913388354-1024x813.jpg","contentUrl":"https:\/\/cliniquevisionpros.com\/wp-content\/uploads\/2024\/11\/080-e1732913388354-1024x813.jpg"},{"@type":"BreadcrumbList","@id":"https:\/\/cliniquevisionpros.com\/fr\/a-propos-de-nous\/#breadcrumb","itemListElement":[{"@type":"ListItem","position":1,"name":"Home","item":"https:\/\/cliniquevisionpros.com\/fr\/"},{"@type":"ListItem","position":2,"name":"\u00c0 propos de nous"}]},{"@type":"WebSite","@id":"https:\/\/cliniquevisionpros.com\/fr\/#website","url":"https:\/\/cliniquevisionpros.com\/fr\/","name":"Clinique VisionPros","description":"Ophthalmology clinic in Montreal","publisher":{"@id":"https:\/\/cliniquevisionpros.com\/fr\/#organization"},"potentialAction":[{"@type":"SearchAction","target":{"@type":"EntryPoint","urlTemplate":"https:\/\/cliniquevisionpros.com\/fr\/?s={search_term_string}"},"query-input":{"@type":"PropertyValueSpecification","valueRequired":true,"valueName":"search_term_string"}}],"inLanguage":"fr-FR"},{"@type":"Organization","@id":"https:\/\/cliniquevisionpros.com\/fr\/#organization","name":"Clinique Vision Pros","url":"https:\/\/cliniquevisionpros.com\/fr\/","logo":{"@type":"ImageObject","inLanguage":"fr-FR","@id":"https:\/\/cliniquevisionpros.com\/fr\/#\/schema\/logo\/image\/","url":"https:\/\/cliniquevisionpros.com\/wp-content\/uploads\/2023\/08\/VISION_PROS_LOGO_FINAL_BLACK.svg","contentUrl":"https:\/\/cliniquevisionpros.com\/wp-content\/uploads\/2023\/08\/VISION_PROS_LOGO_FINAL_BLACK.svg","caption":"Clinique Vision Pros"},"image":{"@id":"https:\/\/cliniquevisionpros.com\/fr\/#\/schema\/logo\/image\/"}}]}},"_links":{"self":[{"href":"https:\/\/cliniquevisionpros.com\/fr\/wp-json\/wp\/v2\/pages\/762","targetHints":{"allow":["GET"]}}],"collection":[{"href":"https:\/\/cliniquevisionpros.com\/fr\/wp-json\/wp\/v2\/pages"}],"about":[{"href":"https:\/\/cliniquevisionpros.com\/fr\/wp-json\/wp\/v2\/types\/page"}],"author":[{"embeddable":true,"href":"https:\/\/cliniquevisionpros.com\/fr\/wp-json\/wp\/v2\/users\/2"}],"replies":[{"embeddable":true,"href":"https:\/\/cliniquevisionpros.com\/fr\/wp-json\/wp\/v2\/comments?post=762"}],"version-history":[{"count":0,"href":"https:\/\/cliniquevisionpros.com\/fr\/wp-json\/wp\/v2\/pages\/762\/revisions"}],"wp:attachment":[{"href":"https:\/\/cliniquevisionpros.com\/fr\/wp-json\/wp\/v2\/media?parent=762"}],"curies":[{"name":"wp","href":"https:\/\/api.w.org\/{rel}","templated":true}]}}