{"id":1426,"date":"2024-12-20T09:45:39","date_gmt":"2024-12-20T14:45:39","guid":{"rendered":"https:\/\/cliniquevisionpros.com\/?page_id=1426"},"modified":"2024-12-24T08:07:02","modified_gmt":"2024-12-24T13:07:02","slug":"dr-katherine-boudreault-ophtalmologiste","status":"publish","type":"page","link":"https:\/\/cliniquevisionpros.com\/fr\/dr-katherine-boudreault-ophtalmologiste\/","title":{"rendered":"Dr Katherine Boudreault"},"content":{"rendered":"\t\t<div data-elementor-type=\"wp-page\" data-elementor-id=\"1426\" class=\"elementor elementor-1426 elementor-1425\" data-elementor-post-type=\"page\">\n\t\t\t\t<div class=\"elementor-element elementor-element-f429e2c e-con-full e-flex e-con e-parent\" data-id=\"f429e2c\" data-element_type=\"container\" data-e-type=\"container\" data-settings=\"{&quot;background_background&quot;:&quot;classic&quot;}\">\n\t\t<div class=\"elementor-element elementor-element-8c24a23 e-con-full e-flex e-con e-child\" data-id=\"8c24a23\" data-element_type=\"container\" data-e-type=\"container\" data-settings=\"{&quot;background_background&quot;:&quot;classic&quot;}\">\n\t\t\t\t<div class=\"elementor-element elementor-element-865c053 elementor-widget elementor-widget-image\" data-id=\"865c053\" data-element_type=\"widget\" data-e-type=\"widget\" data-widget_type=\"image.default\">\n\t\t\t\t\t\t<div class=\"elementor-widget-container\">\n\t\t\t\t\t\t\t\t\t\t\t\t\t\t\t<img fetchpriority=\"high\" decoding=\"async\" width=\"1024\" height=\"1024\" src=\"https:\/\/cliniquevisionpros.com\/wp-content\/uploads\/2024\/12\/md_f-circle-7917d553490e795e77582b347b04e911-wg492nlp78kr-1024x1024.jpg\" class=\"attachment-large size-large wp-image-1440\" alt=\"\" srcset=\"https:\/\/cliniquevisionpros.com\/wp-content\/uploads\/2024\/12\/md_f-circle-7917d553490e795e77582b347b04e911-wg492nlp78kr-1024x1024.jpg 1024w, https:\/\/cliniquevisionpros.com\/wp-content\/uploads\/2024\/12\/md_f-circle-7917d553490e795e77582b347b04e911-wg492nlp78kr-300x300.jpg 300w, https:\/\/cliniquevisionpros.com\/wp-content\/uploads\/2024\/12\/md_f-circle-7917d553490e795e77582b347b04e911-wg492nlp78kr-150x150.jpg 150w, https:\/\/cliniquevisionpros.com\/wp-content\/uploads\/2024\/12\/md_f-circle-7917d553490e795e77582b347b04e911-wg492nlp78kr-768x768.jpg 768w, https:\/\/cliniquevisionpros.com\/wp-content\/uploads\/2024\/12\/md_f-circle-7917d553490e795e77582b347b04e911-wg492nlp78kr-400x400.jpg 400w, https:\/\/cliniquevisionpros.com\/wp-content\/uploads\/2024\/12\/md_f-circle-7917d553490e795e77582b347b04e911-wg492nlp78kr-600x600.jpg 600w, https:\/\/cliniquevisionpros.com\/wp-content\/uploads\/2024\/12\/md_f-circle-7917d553490e795e77582b347b04e911-wg492nlp78kr.jpg 1080w\" sizes=\"(max-width: 1024px) 100vw, 1024px\" \/>\t\t\t\t\t\t\t\t\t\t\t\t\t\t\t<\/div>\n\t\t\t\t<\/div>\n\t\t\t\t<\/div>\n\t\t<div class=\"elementor-element elementor-element-5d567c2 e-con-full e-flex e-con e-child\" data-id=\"5d567c2\" data-element_type=\"container\" data-e-type=\"container\" data-settings=\"{&quot;background_background&quot;:&quot;classic&quot;}\">\n\t\t\t\t<div class=\"elementor-element elementor-element-86204c5 elementor-widget elementor-widget-heading\" data-id=\"86204c5\" data-element_type=\"widget\" data-e-type=\"widget\" data-widget_type=\"heading.default\">\n\t\t\t\t\t\t<div class=\"elementor-widget-container\">\n\t\t\t\t\t<h1 class=\"elementor-heading-title elementor-size-default\">Dr <span style=\"font-weight:400\">Katherine Boudreault<\/span><\/h1>\t\t\t\t<\/div>\n\t\t\t\t<\/div>\n\t\t\t\t<div class=\"elementor-element elementor-element-9f1eb81 elementor-widget elementor-widget-heading\" data-id=\"9f1eb81\" data-element_type=\"widget\" data-e-type=\"widget\" data-widget_type=\"heading.default\">\n\t\t\t\t\t\t<div class=\"elementor-widget-container\">\n\t\t\t\t\t<h3 class=\"elementor-heading-title elementor-size-default\">Ophtalmologiste - MD FRCSC<\/h3>\t\t\t\t<\/div>\n\t\t\t\t<\/div>\n\t\t\t\t<div class=\"elementor-element elementor-element-4493973 elementor-widget elementor-widget-text-editor\" data-id=\"4493973\" data-element_type=\"widget\" data-e-type=\"widget\" data-widget_type=\"text-editor.default\">\n\t\t\t\t\t\t<div class=\"elementor-widget-container\">\n\t\t\t\t\t\t\t\t\t<p><span style=\"font-weight: 400;\">Dr Katherine Boudreault est neuro-ophtalmologiste et chercheuse clinique au CHUM (Centre Hospitalier de l&rsquo;Universit\u00e9 de Montr\u00e9al), o\u00f9 elle contribue \u00e0 l&rsquo;avancement du domaine de la neuro-ophtalmologie et des neurosciences. Elle est \u00e9galement professeure associ\u00e9e en clinique au d\u00e9partement d&rsquo;ophtalmologie de l&rsquo;Universit\u00e9 de Montr\u00e9al. L&rsquo;expertise de la Dr Boudreault englobe les cellules ganglionnaires de la r\u00e9tine, l&rsquo;\u00e9lectrophysiologie des voies visuelles et les maladies h\u00e9r\u00e9ditaires de la r\u00e9tine, ce qui t\u00e9moigne de son profond engagement \u00e0 comprendre et \u00e0 traiter les conditions visuelles et neurologiques complexes.  <\/span><\/p>\n<p><span style=\"font-weight: 400;\">Les recherches du Dr Boudreault sont centr\u00e9es sur les m\u00e9canismes complexes des maladies neurologiques et sur le d\u00e9veloppement de th\u00e9rapies innovantes pour pr\u00e9venir, traiter et gu\u00e9rir ces affections. Elle participe activement \u00e0 la recherche en neurosciences au CHUM, en collaborant avec des \u00e9quipes multidisciplinaires afin d&rsquo;am\u00e9liorer les r\u00e9sultats pour les patients et d&rsquo;\u00e9largir la compr\u00e9hension des voies visuelles et des troubles neuro-ophtalmologiques. <\/span><\/p>\n\t\t\t\t\t\t\t\t<\/div>\n\t\t\t\t<\/div>\n\t\t\t\t<div class=\"elementor-element elementor-element-66be049 elementor-align-left elementor-widget elementor-widget-button\" data-id=\"66be049\" data-element_type=\"widget\" data-e-type=\"widget\" data-widget_type=\"button.default\">\n\t\t\t\t\t\t<div class=\"elementor-widget-container\">\n\t\t\t\t\t\t\t\t\t<div class=\"elementor-button-wrapper\">\n\t\t\t\t\t<a class=\"elementor-button elementor-button-link elementor-size-sm\" href=\"https:\/\/cliniquevisionpros.com\/fr\/prendre-rendez-vous\/\">\n\t\t\t\t\t\t<span class=\"elementor-button-content-wrapper\">\n\t\t\t\t\t\t<span class=\"elementor-button-icon\">\n\t\t\t\t<i aria-hidden=\"true\" class=\"fas fa-arrow-right\"><\/i>\t\t\t<\/span>\n\t\t\t\t\t\t\t\t\t<span class=\"elementor-button-text\">Prendre rendez-vous<\/span>\n\t\t\t\t\t<\/span>\n\t\t\t\t\t<\/a>\n\t\t\t\t<\/div>\n\t\t\t\t\t\t\t\t<\/div>\n\t\t\t\t<\/div>\n\t\t\t\t<\/div>\n\t\t\t\t<\/div>\n\t\t<div class=\"elementor-element elementor-element-5f2fd3cf e-con-full e-flex e-con e-parent\" data-id=\"5f2fd3cf\" data-element_type=\"container\" data-e-type=\"container\" data-settings=\"{&quot;background_background&quot;:&quot;classic&quot;}\">\n\t\t<div class=\"elementor-element elementor-element-43c440d6 e-con-full e-flex e-con e-child\" data-id=\"43c440d6\" data-element_type=\"container\" data-e-type=\"container\" data-settings=\"{&quot;background_background&quot;:&quot;classic&quot;}\">\n\t\t<div class=\"elementor-element elementor-element-6c1b04ce e-flex e-con-boxed e-con e-child\" data-id=\"6c1b04ce\" data-element_type=\"container\" data-e-type=\"container\" data-settings=\"{&quot;background_background&quot;:&quot;classic&quot;}\">\n\t\t\t\t\t<div class=\"e-con-inner\">\n\t\t\t\t<div class=\"elementor-element elementor-element-65669e08 elementor-widget elementor-widget-image\" data-id=\"65669e08\" data-element_type=\"widget\" data-e-type=\"widget\" data-widget_type=\"image.default\">\n\t\t\t\t\t\t<div class=\"elementor-widget-container\">\n\t\t\t\t\t\t\t\t\t\t\t\t\t\t\t<img decoding=\"async\" width=\"49\" height=\"45\" src=\"https:\/\/cliniquevisionpros.com\/wp-content\/uploads\/2024\/06\/quotes.png\" class=\"attachment-large size-large wp-image-909\" alt=\"\" \/>\t\t\t\t\t\t\t\t\t\t\t\t\t\t\t<\/div>\n\t\t\t\t<\/div>\n\t\t\t\t<div class=\"elementor-element elementor-element-3616b3f9 elementor-widget elementor-widget-testimonial\" data-id=\"3616b3f9\" data-element_type=\"widget\" data-e-type=\"widget\" data-widget_type=\"testimonial.default\">\n\t\t\t\t\t\t<div class=\"elementor-widget-container\">\n\t\t\t\t\t\t\t<div class=\"elementor-testimonial-wrapper\">\n\t\t\t\t\t\t\t<div class=\"elementor-testimonial-content\"><p>\u201cDr Katherine Boudreault est une professionnelle aguerrie. Elle poss\u00e8de entre autres deux qualit\u00e9s essentielles lorsque l\u2019on travaille quotidiennement avec des \u00eatre humains en recherche de solutions \u00e0 leurs probl\u00e8mes m\u00e9dicaux, soit la convivialit\u00e9 et l\u2019efficacit\u00e9.\"<\/p>\n<\/div>\n\t\t\t\n\t\t\t\t\t<\/div>\n\t\t\t\t\t\t<\/div>\n\t\t\t\t<\/div>\n\t\t\t\t\t<\/div>\n\t\t\t\t<\/div>\n\t\t\t\t<\/div>\n\t\t\t\t<\/div>\n\t\t<div class=\"elementor-element elementor-element-125c0d6 e-flex e-con-boxed e-con e-parent\" data-id=\"125c0d6\" data-element_type=\"container\" data-e-type=\"container\" data-settings=\"{&quot;background_background&quot;:&quot;classic&quot;}\">\n\t\t\t\t\t<div class=\"e-con-inner\">\n\t\t\t\t<div class=\"elementor-element elementor-element-1df8adb elementor-widget elementor-widget-heading\" data-id=\"1df8adb\" data-element_type=\"widget\" data-e-type=\"widget\" data-widget_type=\"heading.default\">\n\t\t\t\t\t\t<div class=\"elementor-widget-container\">\n\t\t\t\t\t<h2 class=\"elementor-heading-title elementor-size-default\">Nous nous r\u00e9jouissons de construire avec vous une relation qui durera toute une vie, en vous <span style=\"font-weight:400\">aidant \u00e0 voir le monde<\/span> d'une toute nouvelle mani\u00e8re !<\/h2>\t\t\t\t<\/div>\n\t\t\t\t<\/div>\n\t\t\t\t<div class=\"elementor-element elementor-element-a916411 elementor-widget elementor-widget-text-editor\" data-id=\"a916411\" data-element_type=\"widget\" data-e-type=\"widget\" data-widget_type=\"text-editor.default\">\n\t\t\t\t\t\t<div class=\"elementor-widget-container\">\n\t\t\t\t\t\t\t\t\t<p><span style=\"font-weight: 400;\">Prenez rendez-vous d\u00e8s aujourd&rsquo;hui pour d\u00e9couvrir l&rsquo;approche personnalis\u00e9e et compatissante de VisionPros en mati\u00e8re de soins oculaires.<\/span><\/p>\n\t\t\t\t\t\t\t\t<\/div>\n\t\t\t\t<\/div>\n\t\t\t\t<div class=\"elementor-element elementor-element-c1e93f9 elementor-align-center elementor-widget elementor-widget-button\" data-id=\"c1e93f9\" data-element_type=\"widget\" data-e-type=\"widget\" data-widget_type=\"button.default\">\n\t\t\t\t\t\t<div class=\"elementor-widget-container\">\n\t\t\t\t\t\t\t\t\t<div class=\"elementor-button-wrapper\">\n\t\t\t\t\t<a class=\"elementor-button elementor-button-link elementor-size-sm\" href=\"https:\/\/cliniquevisionpros.com\/fr\/prendre-rendez-vous\/\">\n\t\t\t\t\t\t<span class=\"elementor-button-content-wrapper\">\n\t\t\t\t\t\t<span class=\"elementor-button-icon\">\n\t\t\t\t<i aria-hidden=\"true\" class=\"fas fa-arrow-right\"><\/i>\t\t\t<\/span>\n\t\t\t\t\t\t\t\t\t<span class=\"elementor-button-text\">Prendre rendez-vous<\/span>\n\t\t\t\t\t<\/span>\n\t\t\t\t\t<\/a>\n\t\t\t\t<\/div>\n\t\t\t\t\t\t\t\t<\/div>\n\t\t\t\t<\/div>\n\t\t\t\t\t<\/div>\n\t\t\t\t<\/div>\n\t\t\t\t<\/div>\n\t\t","protected":false},"excerpt":{"rendered":"<p>Dr Katherine Boudreault Ophtalmologiste &#8211; MD FRCSC Dr Katherine Boudreault est neuro-ophtalmologiste et chercheuse clinique au CHUM (Centre Hospitalier de l&rsquo;Universit\u00e9 de Montr\u00e9al), o\u00f9 elle contribue \u00e0 l&rsquo;avancement du domaine de la neuro-ophtalmologie et des neurosciences. Elle est \u00e9galement professeure associ\u00e9e en clinique au d\u00e9partement d&rsquo;ophtalmologie de l&rsquo;Universit\u00e9 de Montr\u00e9al. L&rsquo;expertise de la Dr Boudreault [&hellip;]<\/p>\n","protected":false},"author":2,"featured_media":0,"parent":0,"menu_order":0,"comment_status":"closed","ping_status":"closed","template":"","meta":{"site-sidebar-layout":"no-sidebar","site-content-layout":"page-builder","ast-site-content-layout":"full-width-container","site-content-style":"unboxed","site-sidebar-style":"unboxed","ast-global-header-display":"","ast-banner-title-visibility":"","ast-main-header-display":"","ast-hfb-above-header-display":"","ast-hfb-below-header-display":"","ast-hfb-mobile-header-display":"","site-post-title":"disabled","ast-breadcrumbs-content":"","ast-featured-img":"disabled","footer-sml-layout":"","theme-transparent-header-meta":"","adv-header-id-meta":"","stick-header-meta":"","header-above-stick-meta":"","header-main-stick-meta":"","header-below-stick-meta":"","astra-migrate-meta-layouts":"set","ast-page-background-enabled":"default","ast-page-background-meta":{"desktop":{"background-color":"var(--ast-global-color-4)","background-image":"","background-repeat":"repeat","background-position":"center center","background-size":"auto","background-attachment":"scroll","background-type":"","background-media":"","overlay-type":"","overlay-color":"","overlay-opacity":"","overlay-gradient":""},"tablet":{"background-color":"","background-image":"","background-repeat":"repeat","background-position":"center center","background-size":"auto","background-attachment":"scroll","background-type":"","background-media":"","overlay-type":"","overlay-color":"","overlay-opacity":"","overlay-gradient":""},"mobile":{"background-color":"","background-image":"","background-repeat":"repeat","background-position":"center center","background-size":"auto","background-attachment":"scroll","background-type":"","background-media":"","overlay-type":"","overlay-color":"","overlay-opacity":"","overlay-gradient":""}},"ast-content-background-meta":{"desktop":{"background-color":"var(--ast-global-color-5)","background-image":"","background-repeat":"repeat","background-position":"center center","background-size":"auto","background-attachment":"scroll","background-type":"","background-media":"","overlay-type":"","overlay-color":"","overlay-opacity":"","overlay-gradient":""},"tablet":{"background-color":"var(--ast-global-color-5)","background-image":"","background-repeat":"repeat","background-position":"center center","background-size":"auto","background-attachment":"scroll","background-type":"","background-media":"","overlay-type":"","overlay-color":"","overlay-opacity":"","overlay-gradient":""},"mobile":{"background-color":"var(--ast-global-color-5)","background-image":"","background-repeat":"repeat","background-position":"center center","background-size":"auto","background-attachment":"scroll","background-type":"","background-media":"","overlay-type":"","overlay-color":"","overlay-opacity":"","overlay-gradient":""}},"footnotes":""},"class_list":["post-1426","page","type-page","status-publish","hentry"],"yoast_head":"<!-- This site is optimized with the Yoast SEO plugin v27.3 - https:\/\/yoast.com\/product\/yoast-seo-wordpress\/ -->\n<title>Dr Katherine Boudreault, ophtalmologiste - Clinique VisionPros<\/title>\n<meta name=\"description\" content=\"Les recherches du Dr Boudreault sont centr\u00e9es sur les m\u00e9canismes complexes des maladies neurologiques et sur le d\u00e9veloppement de th\u00e9rapies innovantes pour pr\u00e9venir, traiter et gu\u00e9rir ces affections\" \/>\n<meta name=\"robots\" content=\"index, follow, max-snippet:-1, max-image-preview:large, max-video-preview:-1\" \/>\n<link rel=\"canonical\" href=\"https:\/\/cliniquevisionpros.com\/fr\/dr-katherine-boudreault-ophtalmologiste\/\" \/>\n<meta property=\"og:locale\" content=\"fr_FR\" \/>\n<meta property=\"og:type\" content=\"article\" \/>\n<meta property=\"og:title\" content=\"Dr Katherine Boudreault, ophtalmologiste - Clinique VisionPros\" \/>\n<meta property=\"og:description\" content=\"Les recherches du Dr Boudreault sont centr\u00e9es sur les m\u00e9canismes complexes des maladies neurologiques et sur le d\u00e9veloppement de th\u00e9rapies innovantes pour pr\u00e9venir, traiter et gu\u00e9rir ces affections\" \/>\n<meta property=\"og:url\" content=\"https:\/\/cliniquevisionpros.com\/fr\/dr-katherine-boudreault-ophtalmologiste\/\" \/>\n<meta property=\"og:site_name\" content=\"Clinique VisionPros\" \/>\n<meta property=\"article:modified_time\" content=\"2024-12-24T13:07:02+00:00\" \/>\n<meta property=\"og:image\" content=\"https:\/\/cliniquevisionpros.com\/wp-content\/uploads\/2024\/12\/md_f-circle-7917d553490e795e77582b347b04e911-wg492nlp78kr.jpg\" \/>\n\t<meta property=\"og:image:width\" content=\"1080\" \/>\n\t<meta property=\"og:image:height\" content=\"1080\" \/>\n\t<meta property=\"og:image:type\" content=\"image\/jpeg\" \/>\n<meta name=\"twitter:card\" content=\"summary_large_image\" \/>\n<meta name=\"twitter:label1\" content=\"Dur\u00e9e de lecture estim\u00e9e\" \/>\n\t<meta name=\"twitter:data1\" content=\"2 minutes\" \/>\n<script type=\"application\/ld+json\" class=\"yoast-schema-graph\">{\"@context\":\"https:\\\/\\\/schema.org\",\"@graph\":[{\"@type\":\"WebPage\",\"@id\":\"https:\\\/\\\/cliniquevisionpros.com\\\/fr\\\/dr-katherine-boudreault-ophtalmologiste\\\/\",\"url\":\"https:\\\/\\\/cliniquevisionpros.com\\\/fr\\\/dr-katherine-boudreault-ophtalmologiste\\\/\",\"name\":\"Dr Katherine Boudreault, ophtalmologiste - Clinique VisionPros\",\"isPartOf\":{\"@id\":\"https:\\\/\\\/cliniquevisionpros.com\\\/fr\\\/#website\"},\"primaryImageOfPage\":{\"@id\":\"https:\\\/\\\/cliniquevisionpros.com\\\/fr\\\/dr-katherine-boudreault-ophtalmologiste\\\/#primaryimage\"},\"image\":{\"@id\":\"https:\\\/\\\/cliniquevisionpros.com\\\/fr\\\/dr-katherine-boudreault-ophtalmologiste\\\/#primaryimage\"},\"thumbnailUrl\":\"https:\\\/\\\/cliniquevisionpros.com\\\/wp-content\\\/uploads\\\/2024\\\/12\\\/md_f-circle-7917d553490e795e77582b347b04e911-wg492nlp78kr-1024x1024.jpg\",\"datePublished\":\"2024-12-20T14:45:39+00:00\",\"dateModified\":\"2024-12-24T13:07:02+00:00\",\"description\":\"Les recherches du Dr Boudreault sont centr\u00e9es sur les m\u00e9canismes complexes des maladies neurologiques et sur le d\u00e9veloppement de th\u00e9rapies innovantes pour pr\u00e9venir, traiter et gu\u00e9rir ces affections\",\"breadcrumb\":{\"@id\":\"https:\\\/\\\/cliniquevisionpros.com\\\/fr\\\/dr-katherine-boudreault-ophtalmologiste\\\/#breadcrumb\"},\"inLanguage\":\"fr-FR\",\"potentialAction\":[{\"@type\":\"ReadAction\",\"target\":[\"https:\\\/\\\/cliniquevisionpros.com\\\/fr\\\/dr-katherine-boudreault-ophtalmologiste\\\/\"]}]},{\"@type\":\"ImageObject\",\"inLanguage\":\"fr-FR\",\"@id\":\"https:\\\/\\\/cliniquevisionpros.com\\\/fr\\\/dr-katherine-boudreault-ophtalmologiste\\\/#primaryimage\",\"url\":\"https:\\\/\\\/cliniquevisionpros.com\\\/wp-content\\\/uploads\\\/2024\\\/12\\\/md_f-circle-7917d553490e795e77582b347b04e911-wg492nlp78kr-1024x1024.jpg\",\"contentUrl\":\"https:\\\/\\\/cliniquevisionpros.com\\\/wp-content\\\/uploads\\\/2024\\\/12\\\/md_f-circle-7917d553490e795e77582b347b04e911-wg492nlp78kr-1024x1024.jpg\"},{\"@type\":\"BreadcrumbList\",\"@id\":\"https:\\\/\\\/cliniquevisionpros.com\\\/fr\\\/dr-katherine-boudreault-ophtalmologiste\\\/#breadcrumb\",\"itemListElement\":[{\"@type\":\"ListItem\",\"position\":1,\"name\":\"Home\",\"item\":\"https:\\\/\\\/cliniquevisionpros.com\\\/fr\\\/\"},{\"@type\":\"ListItem\",\"position\":2,\"name\":\"Dr Katherine Boudreault\"}]},{\"@type\":\"WebSite\",\"@id\":\"https:\\\/\\\/cliniquevisionpros.com\\\/fr\\\/#website\",\"url\":\"https:\\\/\\\/cliniquevisionpros.com\\\/fr\\\/\",\"name\":\"Clinique VisionPros\",\"description\":\"Ophthalmology clinic in Montreal\",\"publisher\":{\"@id\":\"https:\\\/\\\/cliniquevisionpros.com\\\/fr\\\/#organization\"},\"potentialAction\":[{\"@type\":\"SearchAction\",\"target\":{\"@type\":\"EntryPoint\",\"urlTemplate\":\"https:\\\/\\\/cliniquevisionpros.com\\\/fr\\\/?s={search_term_string}\"},\"query-input\":{\"@type\":\"PropertyValueSpecification\",\"valueRequired\":true,\"valueName\":\"search_term_string\"}}],\"inLanguage\":\"fr-FR\"},{\"@type\":\"Organization\",\"@id\":\"https:\\\/\\\/cliniquevisionpros.com\\\/fr\\\/#organization\",\"name\":\"Clinique Vision Pros\",\"url\":\"https:\\\/\\\/cliniquevisionpros.com\\\/fr\\\/\",\"logo\":{\"@type\":\"ImageObject\",\"inLanguage\":\"fr-FR\",\"@id\":\"https:\\\/\\\/cliniquevisionpros.com\\\/fr\\\/#\\\/schema\\\/logo\\\/image\\\/\",\"url\":\"https:\\\/\\\/cliniquevisionpros.com\\\/wp-content\\\/uploads\\\/2023\\\/08\\\/VISION_PROS_LOGO_FINAL_BLACK.svg\",\"contentUrl\":\"https:\\\/\\\/cliniquevisionpros.com\\\/wp-content\\\/uploads\\\/2023\\\/08\\\/VISION_PROS_LOGO_FINAL_BLACK.svg\",\"caption\":\"Clinique Vision Pros\"},\"image\":{\"@id\":\"https:\\\/\\\/cliniquevisionpros.com\\\/fr\\\/#\\\/schema\\\/logo\\\/image\\\/\"}}]}<\/script>\n<!-- \/ Yoast SEO plugin. -->","yoast_head_json":{"title":"Dr Katherine Boudreault, ophtalmologiste - Clinique VisionPros","description":"Les recherches du Dr Boudreault sont centr\u00e9es sur les m\u00e9canismes complexes des maladies neurologiques et sur le d\u00e9veloppement de th\u00e9rapies innovantes pour pr\u00e9venir, traiter et gu\u00e9rir ces affections","robots":{"index":"index","follow":"follow","max-snippet":"max-snippet:-1","max-image-preview":"max-image-preview:large","max-video-preview":"max-video-preview:-1"},"canonical":"https:\/\/cliniquevisionpros.com\/fr\/dr-katherine-boudreault-ophtalmologiste\/","og_locale":"fr_FR","og_type":"article","og_title":"Dr Katherine Boudreault, ophtalmologiste - Clinique VisionPros","og_description":"Les recherches du Dr Boudreault sont centr\u00e9es sur les m\u00e9canismes complexes des maladies neurologiques et sur le d\u00e9veloppement de th\u00e9rapies innovantes pour pr\u00e9venir, traiter et gu\u00e9rir ces affections","og_url":"https:\/\/cliniquevisionpros.com\/fr\/dr-katherine-boudreault-ophtalmologiste\/","og_site_name":"Clinique VisionPros","article_modified_time":"2024-12-24T13:07:02+00:00","og_image":[{"width":1080,"height":1080,"url":"https:\/\/cliniquevisionpros.com\/wp-content\/uploads\/2024\/12\/md_f-circle-7917d553490e795e77582b347b04e911-wg492nlp78kr.jpg","type":"image\/jpeg"}],"twitter_card":"summary_large_image","twitter_misc":{"Dur\u00e9e de lecture estim\u00e9e":"2 minutes"},"schema":{"@context":"https:\/\/schema.org","@graph":[{"@type":"WebPage","@id":"https:\/\/cliniquevisionpros.com\/fr\/dr-katherine-boudreault-ophtalmologiste\/","url":"https:\/\/cliniquevisionpros.com\/fr\/dr-katherine-boudreault-ophtalmologiste\/","name":"Dr Katherine Boudreault, ophtalmologiste - Clinique VisionPros","isPartOf":{"@id":"https:\/\/cliniquevisionpros.com\/fr\/#website"},"primaryImageOfPage":{"@id":"https:\/\/cliniquevisionpros.com\/fr\/dr-katherine-boudreault-ophtalmologiste\/#primaryimage"},"image":{"@id":"https:\/\/cliniquevisionpros.com\/fr\/dr-katherine-boudreault-ophtalmologiste\/#primaryimage"},"thumbnailUrl":"https:\/\/cliniquevisionpros.com\/wp-content\/uploads\/2024\/12\/md_f-circle-7917d553490e795e77582b347b04e911-wg492nlp78kr-1024x1024.jpg","datePublished":"2024-12-20T14:45:39+00:00","dateModified":"2024-12-24T13:07:02+00:00","description":"Les recherches du Dr Boudreault sont centr\u00e9es sur les m\u00e9canismes complexes des maladies neurologiques et sur le d\u00e9veloppement de th\u00e9rapies innovantes pour pr\u00e9venir, traiter et gu\u00e9rir ces affections","breadcrumb":{"@id":"https:\/\/cliniquevisionpros.com\/fr\/dr-katherine-boudreault-ophtalmologiste\/#breadcrumb"},"inLanguage":"fr-FR","potentialAction":[{"@type":"ReadAction","target":["https:\/\/cliniquevisionpros.com\/fr\/dr-katherine-boudreault-ophtalmologiste\/"]}]},{"@type":"ImageObject","inLanguage":"fr-FR","@id":"https:\/\/cliniquevisionpros.com\/fr\/dr-katherine-boudreault-ophtalmologiste\/#primaryimage","url":"https:\/\/cliniquevisionpros.com\/wp-content\/uploads\/2024\/12\/md_f-circle-7917d553490e795e77582b347b04e911-wg492nlp78kr-1024x1024.jpg","contentUrl":"https:\/\/cliniquevisionpros.com\/wp-content\/uploads\/2024\/12\/md_f-circle-7917d553490e795e77582b347b04e911-wg492nlp78kr-1024x1024.jpg"},{"@type":"BreadcrumbList","@id":"https:\/\/cliniquevisionpros.com\/fr\/dr-katherine-boudreault-ophtalmologiste\/#breadcrumb","itemListElement":[{"@type":"ListItem","position":1,"name":"Home","item":"https:\/\/cliniquevisionpros.com\/fr\/"},{"@type":"ListItem","position":2,"name":"Dr Katherine Boudreault"}]},{"@type":"WebSite","@id":"https:\/\/cliniquevisionpros.com\/fr\/#website","url":"https:\/\/cliniquevisionpros.com\/fr\/","name":"Clinique VisionPros","description":"Ophthalmology clinic in Montreal","publisher":{"@id":"https:\/\/cliniquevisionpros.com\/fr\/#organization"},"potentialAction":[{"@type":"SearchAction","target":{"@type":"EntryPoint","urlTemplate":"https:\/\/cliniquevisionpros.com\/fr\/?s={search_term_string}"},"query-input":{"@type":"PropertyValueSpecification","valueRequired":true,"valueName":"search_term_string"}}],"inLanguage":"fr-FR"},{"@type":"Organization","@id":"https:\/\/cliniquevisionpros.com\/fr\/#organization","name":"Clinique Vision Pros","url":"https:\/\/cliniquevisionpros.com\/fr\/","logo":{"@type":"ImageObject","inLanguage":"fr-FR","@id":"https:\/\/cliniquevisionpros.com\/fr\/#\/schema\/logo\/image\/","url":"https:\/\/cliniquevisionpros.com\/wp-content\/uploads\/2023\/08\/VISION_PROS_LOGO_FINAL_BLACK.svg","contentUrl":"https:\/\/cliniquevisionpros.com\/wp-content\/uploads\/2023\/08\/VISION_PROS_LOGO_FINAL_BLACK.svg","caption":"Clinique Vision Pros"},"image":{"@id":"https:\/\/cliniquevisionpros.com\/fr\/#\/schema\/logo\/image\/"}}]}},"_links":{"self":[{"href":"https:\/\/cliniquevisionpros.com\/fr\/wp-json\/wp\/v2\/pages\/1426","targetHints":{"allow":["GET"]}}],"collection":[{"href":"https:\/\/cliniquevisionpros.com\/fr\/wp-json\/wp\/v2\/pages"}],"about":[{"href":"https:\/\/cliniquevisionpros.com\/fr\/wp-json\/wp\/v2\/types\/page"}],"author":[{"embeddable":true,"href":"https:\/\/cliniquevisionpros.com\/fr\/wp-json\/wp\/v2\/users\/2"}],"replies":[{"embeddable":true,"href":"https:\/\/cliniquevisionpros.com\/fr\/wp-json\/wp\/v2\/comments?post=1426"}],"version-history":[{"count":0,"href":"https:\/\/cliniquevisionpros.com\/fr\/wp-json\/wp\/v2\/pages\/1426\/revisions"}],"wp:attachment":[{"href":"https:\/\/cliniquevisionpros.com\/fr\/wp-json\/wp\/v2\/media?parent=1426"}],"curies":[{"name":"wp","href":"https:\/\/api.w.org\/{rel}","templated":true}]}}