{"id":1357,"date":"2024-08-22T15:11:51","date_gmt":"2024-08-22T20:11:51","guid":{"rendered":"https:\/\/cliniquevisionpros.com\/?page_id=1357"},"modified":"2024-10-20T15:00:29","modified_gmt":"2024-10-20T20:00:29","slug":"merci-consultation-secheresse-oculaire","status":"publish","type":"page","link":"https:\/\/cliniquevisionpros.com\/fr\/merci-consultation-secheresse-oculaire\/","title":{"rendered":"Merci pour la consultation sur la s\u00e9cheresse oculaire"},"content":{"rendered":"\t\t<div data-elementor-type=\"wp-page\" data-elementor-id=\"1357\" class=\"elementor elementor-1357 elementor-1356\" data-elementor-post-type=\"page\">\n\t\t\t\t<div class=\"elementor-element elementor-element-6fbf7a16 e-con-full e-flex e-con e-parent\" data-id=\"6fbf7a16\" data-element_type=\"container\" data-e-type=\"container\" data-settings=\"{&quot;background_background&quot;:&quot;classic&quot;}\">\n\t\t<div class=\"elementor-element elementor-element-1e7d2afd e-con-full e-flex e-con e-child\" data-id=\"1e7d2afd\" data-element_type=\"container\" data-e-type=\"container\" data-settings=\"{&quot;background_background&quot;:&quot;classic&quot;}\">\n\t\t\t\t<\/div>\n\t\t<div class=\"elementor-element elementor-element-6665c4be e-con-full e-flex e-con e-child\" data-id=\"6665c4be\" data-element_type=\"container\" data-e-type=\"container\" data-settings=\"{&quot;background_background&quot;:&quot;classic&quot;}\">\n\t\t\t\t<div class=\"elementor-element elementor-element-782ffe49 elementor-widget elementor-widget-heading\" data-id=\"782ffe49\" data-element_type=\"widget\" data-e-type=\"widget\" data-widget_type=\"heading.default\">\n\t\t\t\t\t\t<div class=\"elementor-widget-container\">\n\t\t\t\t\t<h1 class=\"elementor-heading-title elementor-size-default\">Merci d'avoir demand\u00e9 une consultation avec la <span style=\"font-weight:400\">Dre. Ramina Nissan OD<\/span><\/h1>\t\t\t\t<\/div>\n\t\t\t\t<\/div>\n\t\t\t\t<div class=\"elementor-element elementor-element-561327a elementor-widget elementor-widget-text-editor\" data-id=\"561327a\" data-element_type=\"widget\" data-e-type=\"widget\" data-widget_type=\"text-editor.default\">\n\t\t\t\t\t\t<div class=\"elementor-widget-container\">\n\t\t\t\t\t\t\t\t\t<p>Un membre de notre \u00e9quipe prendra contact avec vous dans les plus brefs d\u00e9lais pour fixer votre rendez-vous.<\/p>\n<p><em>Si vous ne recevez pas de courriel, veuillez v\u00e9rifier votre courrier ind\u00e9sirable\/spam.<\/em><\/p>\n\t\t\t\t\t\t\t\t<\/div>\n\t\t\t\t<\/div>\n\t\t\t\t<\/div>\n\t\t\t\t<\/div>\n\t\t\t\t<\/div>\n\t\t","protected":false},"excerpt":{"rendered":"<p>Merci d&rsquo;avoir demand\u00e9 une consultation avec la Dre. Ramina Nissan OD Un membre de notre \u00e9quipe prendra contact avec vous dans les plus brefs d\u00e9lais pour fixer votre rendez-vous. Si vous ne recevez pas de courriel, veuillez v\u00e9rifier votre courrier ind\u00e9sirable\/spam.<\/p>\n","protected":false},"author":2,"featured_media":0,"parent":0,"menu_order":0,"comment_status":"closed","ping_status":"closed","template":"","meta":{"site-sidebar-layout":"no-sidebar","site-content-layout":"page-builder","ast-site-content-layout":"full-width-container","site-content-style":"default","site-sidebar-style":"default","ast-global-header-display":"","ast-banner-title-visibility":"","ast-main-header-display":"","ast-hfb-above-header-display":"","ast-hfb-below-header-display":"","ast-hfb-mobile-header-display":"","site-post-title":"disabled","ast-breadcrumbs-content":"","ast-featured-img":"disabled","footer-sml-layout":"","theme-transparent-header-meta":"","adv-header-id-meta":"","stick-header-meta":"","header-above-stick-meta":"","header-main-stick-meta":"","header-below-stick-meta":"","astra-migrate-meta-layouts":"set","ast-page-background-enabled":"default","ast-page-background-meta":{"desktop":{"background-color":"var(--ast-global-color-4)","background-image":"","background-repeat":"repeat","background-position":"center center","background-size":"auto","background-attachment":"scroll","background-type":"","background-media":"","overlay-type":"","overlay-color":"","overlay-opacity":"","overlay-gradient":""},"tablet":{"background-color":"","background-image":"","background-repeat":"repeat","background-position":"center center","background-size":"auto","background-attachment":"scroll","background-type":"","background-media":"","overlay-type":"","overlay-color":"","overlay-opacity":"","overlay-gradient":""},"mobile":{"background-color":"","background-image":"","background-repeat":"repeat","background-position":"center center","background-size":"auto","background-attachment":"scroll","background-type":"","background-media":"","overlay-type":"","overlay-color":"","overlay-opacity":"","overlay-gradient":""}},"ast-content-background-meta":{"desktop":{"background-color":"var(--ast-global-color-5)","background-image":"","background-repeat":"repeat","background-position":"center center","background-size":"auto","background-attachment":"scroll","background-type":"","background-media":"","overlay-type":"","overlay-color":"","overlay-opacity":"","overlay-gradient":""},"tablet":{"background-color":"var(--ast-global-color-5)","background-image":"","background-repeat":"repeat","background-position":"center center","background-size":"auto","background-attachment":"scroll","background-type":"","background-media":"","overlay-type":"","overlay-color":"","overlay-opacity":"","overlay-gradient":""},"mobile":{"background-color":"var(--ast-global-color-5)","background-image":"","background-repeat":"repeat","background-position":"center center","background-size":"auto","background-attachment":"scroll","background-type":"","background-media":"","overlay-type":"","overlay-color":"","overlay-opacity":"","overlay-gradient":""}},"footnotes":""},"class_list":["post-1357","page","type-page","status-publish","hentry"],"yoast_head":"<!-- This site is optimized with the Yoast SEO plugin v27.3 - https:\/\/yoast.com\/product\/yoast-seo-wordpress\/ -->\n<title>Merci pour la consultation sur la s\u00e9cheresse oculaire - Clinique VisionPros<\/title>\n<meta name=\"robots\" content=\"index, follow, max-snippet:-1, max-image-preview:large, max-video-preview:-1\" \/>\n<link rel=\"canonical\" href=\"https:\/\/cliniquevisionpros.com\/fr\/merci-consultation-secheresse-oculaire\/\" \/>\n<meta property=\"og:locale\" content=\"fr_FR\" \/>\n<meta property=\"og:type\" content=\"article\" \/>\n<meta property=\"og:title\" content=\"Merci pour la consultation sur la s\u00e9cheresse oculaire - Clinique VisionPros\" \/>\n<meta property=\"og:description\" content=\"Merci d&rsquo;avoir demand\u00e9 une consultation avec la Dre. Ramina Nissan OD Un membre de notre \u00e9quipe prendra contact avec vous dans les plus brefs d\u00e9lais pour fixer votre rendez-vous. Si vous ne recevez pas de courriel, veuillez v\u00e9rifier votre courrier ind\u00e9sirable\/spam.\" \/>\n<meta property=\"og:url\" content=\"https:\/\/cliniquevisionpros.com\/fr\/merci-consultation-secheresse-oculaire\/\" \/>\n<meta property=\"og:site_name\" content=\"Clinique VisionPros\" \/>\n<meta property=\"article:modified_time\" content=\"2024-10-20T20:00:29+00:00\" \/>\n<meta name=\"twitter:card\" content=\"summary_large_image\" \/>\n<meta name=\"twitter:label1\" content=\"Dur\u00e9e de lecture estim\u00e9e\" \/>\n\t<meta name=\"twitter:data1\" content=\"1 minute\" \/>\n<script type=\"application\/ld+json\" class=\"yoast-schema-graph\">{\"@context\":\"https:\\\/\\\/schema.org\",\"@graph\":[{\"@type\":\"WebPage\",\"@id\":\"https:\\\/\\\/cliniquevisionpros.com\\\/fr\\\/merci-consultation-secheresse-oculaire\\\/\",\"url\":\"https:\\\/\\\/cliniquevisionpros.com\\\/fr\\\/merci-consultation-secheresse-oculaire\\\/\",\"name\":\"Merci pour la consultation sur la s\u00e9cheresse oculaire - Clinique VisionPros\",\"isPartOf\":{\"@id\":\"https:\\\/\\\/cliniquevisionpros.com\\\/fr\\\/#website\"},\"datePublished\":\"2024-08-22T20:11:51+00:00\",\"dateModified\":\"2024-10-20T20:00:29+00:00\",\"breadcrumb\":{\"@id\":\"https:\\\/\\\/cliniquevisionpros.com\\\/fr\\\/merci-consultation-secheresse-oculaire\\\/#breadcrumb\"},\"inLanguage\":\"fr-FR\",\"potentialAction\":[{\"@type\":\"ReadAction\",\"target\":[\"https:\\\/\\\/cliniquevisionpros.com\\\/fr\\\/merci-consultation-secheresse-oculaire\\\/\"]}]},{\"@type\":\"BreadcrumbList\",\"@id\":\"https:\\\/\\\/cliniquevisionpros.com\\\/fr\\\/merci-consultation-secheresse-oculaire\\\/#breadcrumb\",\"itemListElement\":[{\"@type\":\"ListItem\",\"position\":1,\"name\":\"Home\",\"item\":\"https:\\\/\\\/cliniquevisionpros.com\\\/fr\\\/\"},{\"@type\":\"ListItem\",\"position\":2,\"name\":\"Merci pour la consultation sur la s\u00e9cheresse oculaire\"}]},{\"@type\":\"WebSite\",\"@id\":\"https:\\\/\\\/cliniquevisionpros.com\\\/fr\\\/#website\",\"url\":\"https:\\\/\\\/cliniquevisionpros.com\\\/fr\\\/\",\"name\":\"Clinique VisionPros\",\"description\":\"Ophthalmology clinic in Montreal\",\"publisher\":{\"@id\":\"https:\\\/\\\/cliniquevisionpros.com\\\/fr\\\/#organization\"},\"potentialAction\":[{\"@type\":\"SearchAction\",\"target\":{\"@type\":\"EntryPoint\",\"urlTemplate\":\"https:\\\/\\\/cliniquevisionpros.com\\\/fr\\\/?s={search_term_string}\"},\"query-input\":{\"@type\":\"PropertyValueSpecification\",\"valueRequired\":true,\"valueName\":\"search_term_string\"}}],\"inLanguage\":\"fr-FR\"},{\"@type\":\"Organization\",\"@id\":\"https:\\\/\\\/cliniquevisionpros.com\\\/fr\\\/#organization\",\"name\":\"Clinique Vision Pros\",\"url\":\"https:\\\/\\\/cliniquevisionpros.com\\\/fr\\\/\",\"logo\":{\"@type\":\"ImageObject\",\"inLanguage\":\"fr-FR\",\"@id\":\"https:\\\/\\\/cliniquevisionpros.com\\\/fr\\\/#\\\/schema\\\/logo\\\/image\\\/\",\"url\":\"https:\\\/\\\/cliniquevisionpros.com\\\/wp-content\\\/uploads\\\/2023\\\/08\\\/VISION_PROS_LOGO_FINAL_BLACK.svg\",\"contentUrl\":\"https:\\\/\\\/cliniquevisionpros.com\\\/wp-content\\\/uploads\\\/2023\\\/08\\\/VISION_PROS_LOGO_FINAL_BLACK.svg\",\"caption\":\"Clinique Vision Pros\"},\"image\":{\"@id\":\"https:\\\/\\\/cliniquevisionpros.com\\\/fr\\\/#\\\/schema\\\/logo\\\/image\\\/\"}}]}<\/script>\n<!-- \/ Yoast SEO plugin. -->","yoast_head_json":{"title":"Merci pour la consultation sur la s\u00e9cheresse oculaire - Clinique VisionPros","robots":{"index":"index","follow":"follow","max-snippet":"max-snippet:-1","max-image-preview":"max-image-preview:large","max-video-preview":"max-video-preview:-1"},"canonical":"https:\/\/cliniquevisionpros.com\/fr\/merci-consultation-secheresse-oculaire\/","og_locale":"fr_FR","og_type":"article","og_title":"Merci pour la consultation sur la s\u00e9cheresse oculaire - Clinique VisionPros","og_description":"Merci d&rsquo;avoir demand\u00e9 une consultation avec la Dre. Ramina Nissan OD Un membre de notre \u00e9quipe prendra contact avec vous dans les plus brefs d\u00e9lais pour fixer votre rendez-vous. Si vous ne recevez pas de courriel, veuillez v\u00e9rifier votre courrier ind\u00e9sirable\/spam.","og_url":"https:\/\/cliniquevisionpros.com\/fr\/merci-consultation-secheresse-oculaire\/","og_site_name":"Clinique VisionPros","article_modified_time":"2024-10-20T20:00:29+00:00","twitter_card":"summary_large_image","twitter_misc":{"Dur\u00e9e de lecture estim\u00e9e":"1 minute"},"schema":{"@context":"https:\/\/schema.org","@graph":[{"@type":"WebPage","@id":"https:\/\/cliniquevisionpros.com\/fr\/merci-consultation-secheresse-oculaire\/","url":"https:\/\/cliniquevisionpros.com\/fr\/merci-consultation-secheresse-oculaire\/","name":"Merci pour la consultation sur la s\u00e9cheresse oculaire - Clinique VisionPros","isPartOf":{"@id":"https:\/\/cliniquevisionpros.com\/fr\/#website"},"datePublished":"2024-08-22T20:11:51+00:00","dateModified":"2024-10-20T20:00:29+00:00","breadcrumb":{"@id":"https:\/\/cliniquevisionpros.com\/fr\/merci-consultation-secheresse-oculaire\/#breadcrumb"},"inLanguage":"fr-FR","potentialAction":[{"@type":"ReadAction","target":["https:\/\/cliniquevisionpros.com\/fr\/merci-consultation-secheresse-oculaire\/"]}]},{"@type":"BreadcrumbList","@id":"https:\/\/cliniquevisionpros.com\/fr\/merci-consultation-secheresse-oculaire\/#breadcrumb","itemListElement":[{"@type":"ListItem","position":1,"name":"Home","item":"https:\/\/cliniquevisionpros.com\/fr\/"},{"@type":"ListItem","position":2,"name":"Merci pour la consultation sur la s\u00e9cheresse oculaire"}]},{"@type":"WebSite","@id":"https:\/\/cliniquevisionpros.com\/fr\/#website","url":"https:\/\/cliniquevisionpros.com\/fr\/","name":"Clinique VisionPros","description":"Ophthalmology clinic in Montreal","publisher":{"@id":"https:\/\/cliniquevisionpros.com\/fr\/#organization"},"potentialAction":[{"@type":"SearchAction","target":{"@type":"EntryPoint","urlTemplate":"https:\/\/cliniquevisionpros.com\/fr\/?s={search_term_string}"},"query-input":{"@type":"PropertyValueSpecification","valueRequired":true,"valueName":"search_term_string"}}],"inLanguage":"fr-FR"},{"@type":"Organization","@id":"https:\/\/cliniquevisionpros.com\/fr\/#organization","name":"Clinique Vision Pros","url":"https:\/\/cliniquevisionpros.com\/fr\/","logo":{"@type":"ImageObject","inLanguage":"fr-FR","@id":"https:\/\/cliniquevisionpros.com\/fr\/#\/schema\/logo\/image\/","url":"https:\/\/cliniquevisionpros.com\/wp-content\/uploads\/2023\/08\/VISION_PROS_LOGO_FINAL_BLACK.svg","contentUrl":"https:\/\/cliniquevisionpros.com\/wp-content\/uploads\/2023\/08\/VISION_PROS_LOGO_FINAL_BLACK.svg","caption":"Clinique Vision Pros"},"image":{"@id":"https:\/\/cliniquevisionpros.com\/fr\/#\/schema\/logo\/image\/"}}]}},"_links":{"self":[{"href":"https:\/\/cliniquevisionpros.com\/fr\/wp-json\/wp\/v2\/pages\/1357","targetHints":{"allow":["GET"]}}],"collection":[{"href":"https:\/\/cliniquevisionpros.com\/fr\/wp-json\/wp\/v2\/pages"}],"about":[{"href":"https:\/\/cliniquevisionpros.com\/fr\/wp-json\/wp\/v2\/types\/page"}],"author":[{"embeddable":true,"href":"https:\/\/cliniquevisionpros.com\/fr\/wp-json\/wp\/v2\/users\/2"}],"replies":[{"embeddable":true,"href":"https:\/\/cliniquevisionpros.com\/fr\/wp-json\/wp\/v2\/comments?post=1357"}],"version-history":[{"count":0,"href":"https:\/\/cliniquevisionpros.com\/fr\/wp-json\/wp\/v2\/pages\/1357\/revisions"}],"wp:attachment":[{"href":"https:\/\/cliniquevisionpros.com\/fr\/wp-json\/wp\/v2\/media?parent=1357"}],"curies":[{"name":"wp","href":"https:\/\/api.w.org\/{rel}","templated":true}]}}